{"id":6,"date":"2021-04-02T11:53:00","date_gmt":"2021-04-02T11:53:00","guid":{"rendered":"http:\/\/192.168.2.85\/wordpress\/?page_id=6"},"modified":"2021-04-02T14:26:45","modified_gmt":"2021-04-02T14:26:45","slug":"about","status":"publish","type":"page","link":"https:\/\/www.asam86.de\/wordpress\/index.php\/about\/","title":{"rendered":"Impressum"},"content":{"rendered":"\n<p>Verantwortlich f\u00fcr alle Inhalte unter\u00a0<a href=\"https:\/\/home.klimt.de\/\">https:\/\/www.asam86.de<\/a>\u00a0:<\/p>\n\n\n\n<p>Wolfgang Klimt<br>Nandostra\u00dfe 15<br>85652 Pliening<\/p>\n\n\n\n<p>Wenn Sie mir eine Mail schicken wollen, denken Sie sich einen Namen aus und h\u00e4ngen Sie&nbsp;<code>w-<\/code>&nbsp;davor und&nbsp;<code>@klimt.de<\/code>&nbsp;dahinter. Ein Catch-All Mechanismus sorgt daf\u00fcr, dass die Mail richtig ankommt. Beachten Sie aber bitte die untenstehenden Hinweise zum Datenschutz. Wenn Sie damit nicht einverstanden sind, investieren Sie in eine Briefmarke.<\/p>\n\n\n\n<h2 class=\"wp-block-heading\">Haftungsausschluss:<\/h2>\n\n\n\n<h3 class=\"wp-block-heading\">Haftung f\u00fcr Inhalte<\/h3>\n\n\n\n<p>Die Inhalte meiner Seiten wurden mit der Sorgfalt erstellt, die ich gerade aufbringen konnte und wollte. Nach bestem Wissen und Gewissen verletze ich damit keine Gesetze und keine Rechte Dritter. Sollten Sie das anders sehen, freue ich mich \u00fcber eine entsprechende Mitteilung.<\/p>\n\n\n\n<h3 class=\"wp-block-heading\">Haftung f\u00fcr Links<\/h3>\n\n\n\n<p>Meine Links auf externe Seiten habe ich mit der gleichen Sorgfalt gesetzt wie ich Sie f\u00fcr das Anlegen der Inhalte haben walten lassen. Wenn allerdings unter dem Ziel pl\u00f6tzlich illegale Inhalte auftauchen, dann kann ich daf\u00fcr nichts. Bitte geben Sie mir Bescheid, damit ich den Link entfernen oder korrigieren kann.<\/p>\n\n\n\n<h3 class=\"wp-block-heading\">Urheberrecht<\/h3>\n\n\n\n<p>Die meisten Inhalte auf diesen Seiten habe ich selbst erstellt. Wenn Sie Teile davon verwenden wollen, fragen Sie bitte. Wir werden uns schon einig.<\/p>\n\n\n\n<p><\/p>\n","protected":false},"excerpt":{"rendered":"<p>Verantwortlich f\u00fcr alle Inhalte unter\u00a0https:\/\/www.asam86.de\u00a0: Wolfgang KlimtNandostra\u00dfe 1585652 Pliening Wenn Sie mir eine Mail schicken wollen, denken Sie sich einen Namen aus und h\u00e4ngen Sie&nbsp;w-&nbsp;davor und&nbsp;@klimt.de&nbsp;dahinter. Ein Catch-All Mechanismus sorgt daf\u00fcr, dass die Mail richtig ankommt. Beachten Sie aber bitte die untenstehenden Hinweise zum Datenschutz. Wenn Sie damit nicht einverstanden sind, investieren Sie in eine [&hellip;]<\/p>\n","protected":false},"author":1,"featured_media":0,"parent":0,"menu_order":0,"comment_status":"closed","ping_status":"closed","template":"","meta":{"footnotes":""},"class_list":["post-6","page","type-page","status-publish","hentry","no-featured-image"],"_links":{"self":[{"href":"https:\/\/www.asam86.de\/wordpress\/index.php\/wp-json\/wp\/v2\/pages\/6","targetHints":{"allow":["GET"]}}],"collection":[{"href":"https:\/\/www.asam86.de\/wordpress\/index.php\/wp-json\/wp\/v2\/pages"}],"about":[{"href":"https:\/\/www.asam86.de\/wordpress\/index.php\/wp-json\/wp\/v2\/types\/page"}],"author":[{"embeddable":true,"href":"https:\/\/www.asam86.de\/wordpress\/index.php\/wp-json\/wp\/v2\/users\/1"}],"replies":[{"embeddable":true,"href":"https:\/\/www.asam86.de\/wordpress\/index.php\/wp-json\/wp\/v2\/comments?post=6"}],"version-history":[{"count":3,"href":"https:\/\/www.asam86.de\/wordpress\/index.php\/wp-json\/wp\/v2\/pages\/6\/revisions"}],"predecessor-version":[{"id":33,"href":"https:\/\/www.asam86.de\/wordpress\/index.php\/wp-json\/wp\/v2\/pages\/6\/revisions\/33"}],"wp:attachment":[{"href":"https:\/\/www.asam86.de\/wordpress\/index.php\/wp-json\/wp\/v2\/media?parent=6"}],"curies":[{"name":"wp","href":"https:\/\/api.w.org\/{rel}","templated":true}]}}