{"id":5,"date":"2021-04-02T11:53:00","date_gmt":"2021-04-02T11:53:00","guid":{"rendered":"http:\/\/192.168.2.85\/wordpress\/?page_id=5"},"modified":"2026-04-03T19:24:06","modified_gmt":"2026-04-03T17:24:06","slug":"create-your-website-with-blocks","status":"publish","type":"page","link":"https:\/\/www.asam86.de\/wordpress\/","title":{"rendered":"Asam 86ers"},"content":{"rendered":"\n<div class=\"wp-block-columns alignwide are-vertically-aligned-top is-layout-flex wp-container-core-columns-is-layout-9d6595d7 wp-block-columns-is-layout-flex\">\n<div class=\"wp-block-column is-vertically-aligned-top is-layout-flow wp-block-column-is-layout-flow\">\n<p>Webseite des Abiturjahrgangs 1986 am&nbsp;<a href=\"http:\/\/www.asg.musin.de\/\">Asam Gymnasium<\/a>.<\/p>\n\n\n\n<h2 class=\"wp-block-heading has-accent-color has-text-color has-link-color wp-elements-bd130934a4f8aee22813ef5fa3abcd6e\">Abitreffen 2026<\/h2>\n\n\n\n<p class=\"has-accent-color has-text-color has-link-color wp-elements-8df47d1a8ff9f1bbe4f81c6e604789bf\">Zeit und Ort des diesj\u00e4hrigen Abireffens stehen fest. N\u00e4here Infos gibt es <strong>im Blog f\u00fcr alle registrierten Nutzer<\/strong>. Die Einladungsmail ging inzwischen an alle uns bekannten Mailadressen; wenn ihr sie nicht erhalten habt haben wir demnach eure aktuelle Adresse nicht. In dem Fall registriert euch hier, dann kommt ihr an die Infos und wir haben wieder eure aktuellen Kontaktdaten.<\/p>\n\n\n\n<p class=\"has-accent-color has-text-color has-link-color wp-elements-1b71cf8019455e0ca8d7ce12495c3461\">Bis bald!<br>Andreas und Wolfgang<\/p>\n\n\n\n<hr class=\"wp-block-separator has-alpha-channel-opacity\"\/>\n\n\n\n<p>Aus Gr\u00fcnden des Datenschutzes ist f\u00fcr den Zugriff auf die Inhalte dieser Seite (haupts\u00e4chlich Bilder und Infos rund um die Abitreffen) ein Account erforderlich. Wer dies will, kann sich <a href=\"https:\/\/www.asam86.de\/wordpress\/index.php\/register\/\" data-type=\"page\" data-id=\"51\">hier registrieren<\/a>. Zugang erhalten die Asam-Abiturienten des Jahrgangs 1986 (lt. Abizeitung) und Mitsch\u00fclys, die im Laufe der Schulzeit unsere Jahrgangsstufen besucht haben, auch wenn sie nicht bis zum Abitur dabei waren.<\/p>\n\n\n\n<p>Wenn ihr zu ehemaligen Mitsch\u00fclys Kontakt aufnehmen wollt, <a href=\"javascript:;\" data-enc-email=\"nqzvaf[at]nfnz86.qr\" class=\"mail-link\" data-wpel-link=\"ignore\">schickt uns eine Mail<\/a>. Sofern wir Kontaktdaten haben, leiten wir eure Anfrage gerne weiter.<\/p>\n\n\n\n<p><\/p>\n\n\n\n<p class=\"has-accent-color has-white-background-color has-text-color has-background\">Es gibt immer noch viele Abiturientys, zu denen wir keinen Kontakt mehr haben. Solltet ihr irgendwann in der Zukunft mitfeiern wollen und von uns noch zu keinem Treffen per Mail kontaktiert worden sein, geh\u00f6rt ihr wahrscheinlich zu dieser Gruppe. In diesem Fall registriert euch einfach auf dieser Seite oder <a href=\"javascript:;\" data-enc-email=\"nqzvaf[at]nfnz86.qr\" class=\"mail-link\" data-wpel-link=\"ignore\">schickt uns eine Mail<\/a>.<\/p>\n\n\n\n<p><\/p>\n\n\n\n<p>Viele Gr\u00fc\u00dfe<\/p>\n\n\n\n<p>Andreas und Wolfgang<\/p>\n\n\n\n<p class=\"has-small-font-size\"><sup><sub>(gegendert nach <a href=\"https:\/\/www.spiegel.de\/politik\/deutschland\/gendergerechte-sprache-leichter-gendern-mit-phettberg-kolumne-a-ae5da027-0002-0001-0000-000176418810\">Phettberg\/Kronschl\u00e4ger<\/a>)<\/sub><\/sup><\/p>\n<\/div>\n<\/div>\n\n\n\n<figure class=\"wp-block-image size-large\"><img loading=\"lazy\" decoding=\"async\" width=\"1024\" height=\"576\" src=\"https:\/\/www.asam86.de\/wordpress\/wp-content\/uploads\/2021\/08\/20160722_185913-1024x576.jpg\" alt=\"\" class=\"wp-image-162\" srcset=\"https:\/\/www.asam86.de\/wordpress\/wp-content\/uploads\/2021\/08\/20160722_185913-1024x576.jpg 1024w, https:\/\/www.asam86.de\/wordpress\/wp-content\/uploads\/2021\/08\/20160722_185913-300x169.jpg 300w, https:\/\/www.asam86.de\/wordpress\/wp-content\/uploads\/2021\/08\/20160722_185913-768x432.jpg 768w, https:\/\/www.asam86.de\/wordpress\/wp-content\/uploads\/2021\/08\/20160722_185913-1536x864.jpg 1536w, https:\/\/www.asam86.de\/wordpress\/wp-content\/uploads\/2021\/08\/20160722_185913-2048x1152.jpg 2048w, https:\/\/www.asam86.de\/wordpress\/wp-content\/uploads\/2021\/08\/20160722_185913-1568x882.jpg 1568w\" sizes=\"auto, (max-width: 1024px) 100vw, 1024px\" \/><\/figure>\n","protected":false},"excerpt":{"rendered":"<p>Webseite des Abiturjahrgangs 1986 am&nbsp;Asam Gymnasium. Abitreffen 2026 Zeit und Ort des diesj\u00e4hrigen Abireffens stehen fest. N\u00e4here Infos gibt es im Blog f\u00fcr alle registrierten Nutzer. Die Einladungsmail ging inzwischen an alle uns bekannten Mailadressen; wenn ihr sie nicht erhalten habt haben wir demnach eure aktuelle Adresse nicht. In dem Fall registriert euch hier, dann [&hellip;]<\/p>\n","protected":false},"author":1,"featured_media":150,"parent":0,"menu_order":0,"comment_status":"closed","ping_status":"closed","template":"","meta":{"footnotes":""},"class_list":["post-5","page","type-page","status-publish","has-post-thumbnail","hentry","has-featured-image"],"_links":{"self":[{"href":"https:\/\/www.asam86.de\/wordpress\/index.php\/wp-json\/wp\/v2\/pages\/5","targetHints":{"allow":["GET"]}}],"collection":[{"href":"https:\/\/www.asam86.de\/wordpress\/index.php\/wp-json\/wp\/v2\/pages"}],"about":[{"href":"https:\/\/www.asam86.de\/wordpress\/index.php\/wp-json\/wp\/v2\/types\/page"}],"author":[{"embeddable":true,"href":"https:\/\/www.asam86.de\/wordpress\/index.php\/wp-json\/wp\/v2\/users\/1"}],"replies":[{"embeddable":true,"href":"https:\/\/www.asam86.de\/wordpress\/index.php\/wp-json\/wp\/v2\/comments?post=5"}],"version-history":[{"count":43,"href":"https:\/\/www.asam86.de\/wordpress\/index.php\/wp-json\/wp\/v2\/pages\/5\/revisions"}],"predecessor-version":[{"id":361,"href":"https:\/\/www.asam86.de\/wordpress\/index.php\/wp-json\/wp\/v2\/pages\/5\/revisions\/361"}],"wp:featuredmedia":[{"embeddable":true,"href":"https:\/\/www.asam86.de\/wordpress\/index.php\/wp-json\/wp\/v2\/media\/150"}],"wp:attachment":[{"href":"https:\/\/www.asam86.de\/wordpress\/index.php\/wp-json\/wp\/v2\/media?parent=5"}],"curies":[{"name":"wp","href":"https:\/\/api.w.org\/{rel}","templated":true}]}}