{"id":174,"date":"2021-08-07T09:51:40","date_gmt":"2021-08-07T07:51:40","guid":{"rendered":"https:\/\/www.asam86.de\/wordpress\/?page_id=174"},"modified":"2021-08-07T09:55:03","modified_gmt":"2021-08-07T07:55:03","slug":"datenschutzerklaerung","status":"publish","type":"page","link":"https:\/\/www.asam86.de\/wordpress\/index.php\/datenschutzerklaerung\/","title":{"rendered":"Datenschutzerkl\u00e4rung"},"content":{"rendered":"\n<p>(Inspiriert und teilweise \u00fcbernommen von:&nbsp;<a href=\"https:\/\/ditze.net\/datenschutzerklaerung\/\">https:\/\/ditze.net\/datenschutzerklaerung\/<\/a>)<\/p>\n\n\n\n<p>Jede gute Website braucht eine Datenschutzerkl\u00e4rung? Ok, dann machen Sie sich auf etwas gefasst.<\/p>\n\n\n\n<h2 class=\"wp-block-heading\">Pr\u00e4ambel<\/h2>\n\n\n\n<p>Artikel 12 der EU-Datenschutzgrundverordnung (kurz: DSGVO) fordert, dass ich Ihnen \u201ein pr\u00e4ziser, transparenter, verst\u00e4ndlicher und leicht zug\u00e4nglicher Form [und] in einer klaren und einfachen Sprache\u201c erkl\u00e4re, was hier auf dieser Webseite geschieht. Da ich dabei nicht davon ausgehen darf, dass Sie f\u00fcnf Jahre Informatik, Jura oder Raketeningenieurwesen studiert haben, soll ich hier also Klartext schreiben. Das mache ich doch gerne.<\/p>\n\n\n\n<h2 class=\"wp-block-heading\">Technische und organisatorische Ma\u00dfnahmen (TOMs)<\/h2>\n\n\n\n<p>Diese Website wird in meinem eigenen Haus auf einem kleinen Einplatinencomputer gehostet. Ohne die Innereien s\u00e4mtlicher daf\u00fcr verwendeten Tools komplett durchforstet zu haben bin ich mir relativ sicher, keine personenbezogenen Daten an Dritte oder externe Dienstleister zu \u00fcbertragen. Ausserdem machen wir Haust\u00fcr und Terassent\u00fcren zu, wenn wir nicht daheim sind. Jede Nacht wird ein Backup angefertigt und sp\u00e4testens alle paar Wochen aktualisiere ich die Software. Von diesen Ma\u00dfnahmen darf sich jeder nach vorheriger Ank\u00fcndigung gerne \u00fcberzeugen wenn wir daheim sind; Adresse siehe Impressum.<\/p>\n\n\n\n<p>Das Log-Format meines Web-Servers ist so konfiguriert, dass ihre IP-Adresse darin gar nicht auftaucht. Ich sollte also eigentlich gar keine personenbezogenen Daten von Ihnen zu sehen bekommen.<\/p>\n\n\n\n<h2 class=\"wp-block-heading\">Kontaktaufnahme<\/h2>\n\n\n\n<p>Nun zur Kontaktaufnahme: Falls Sie mir eine E-Mail senden, m\u00fcssen Sie damit leben, dass ich Daten von Ihnen erhalte. Ich sehe dann Ihre E-Mailadresse, eventuell auch Ihre IP-Adresse und wenn ich mir richtig M\u00fche gebe und den X-Header Ihrer E-Mail h\u00e4ndisch auswerte, kann ich eventuell sogar sehen, wie der Computer hei\u00dft, von dem aus Sie die Nachricht geschrieben haben. Das ist keine Zauberei oder Hackerkunst, sondern ein Internet-Standard. Wer den lesen kann, kommt an diese Daten. Das ist technisch bedingt \u2013 und schon seit vielen Jahren so. Falls Sie mir ungefragt Ihre Daten zusenden, d\u00fcrfen Sie davon ausgehen, dass ich Ihre E-Mail genauso gut oder schlecht beh\u00fcte wie alle meine \u00fcbrigen E-Mails auch. Sollten Sie sich irgendwann mal \u00fcberlegen, dass ich die von Ihnen ungefragt zugesandte E-Mail l\u00f6schen soll, d\u00fcrfen Sie mich h\u00f6flich darum bitten \u2013 versprechen tue ich aber nichts. Auch hier gilt: wenn Sie damit nicht leben k\u00f6nnen, senden Sie mir bitte keine E-Mail zu.&nbsp;<\/p>\n\n\n\n<p>Der ein- und ausgehende E-Mail Verkehr wird ausserdem \u00fcber einen externen Server abgewickelt. Da das alles mein Privatvergn\u00fcgen ist, habe ich mit den jeweiligen Betreibern keinen Auftrag zur Datenverarbeitung abgeschlossen. Die Mails erhalten vermutlich viel mehr private Daten von mir als von Ihnen; wenn ich damit leben kann, k\u00f6nnen Sie das auch.<\/p>\n\n\n\n<h2 class=\"wp-block-heading\">Kommentare<\/h2>\n\n\n\n<p>Weiter im Text: Thema Blogposts. Sollten Sie zuf\u00e4llig \u00fcber die M\u00f6glichkeit stolpern, einen Eintrag auf einem der Seiten kommentieren zu k\u00f6nnen, und davon dann auch noch Gebrauch machen, m\u00fcssen davon ausgehen, dass ein paar Daten \u00fcber Sie erfasst werden, n\u00e4mlich die, die Sie angeben. Wenn Sie das nicht wollen, schreiben Sie keinen Kommentar.<\/p>\n\n\n\n<h2 class=\"wp-block-heading\">Cookies<\/h2>\n\n\n\n<p>Sie wissen was ein Cookie ist? Nein? Ok, das k\u00f6nnen Sie&nbsp;<a href=\"https:\/\/de.wikipedia.org\/wiki\/HTTP-Cookie\">hier<\/a>&nbsp;nachlesen. Manche Menschen haben Angst vor Cookies, weil sie glauben, dass man damit herausbekommen kann, ob sie (diese Menschen mit der Angst) gestern Abend auf einer Porno-Seite waren oder sich insgeheim f\u00fcr satanistische Nazischergenmusik interessieren. Deswegen m\u00f6chte kaum jemand, dass eine Website Cookies speichert. De facto ist es aber so, dass Websites ohne Cookies heute kaum noch funktionieren. Und so lange nur First-Party-Cookies eingesetzt werden, ist das mit dem Tracking der Nazi-Porno-Seiten nicht m\u00f6glich. Diese Website nutzt wahrscheinlich auch Cookies \u2013 allerdings nur die \u201eguten\u201c First-Party-Cookies. Third-Party-Cookies habe ich zumindest nicht bewusst in diese Website integriert.<\/p>\n\n\n\n<h2 class=\"wp-block-heading\">Abmahnungen<\/h2>\n\n\n\n<p>Bevor Sie mich wegen eventuell fehlender, unvollst\u00e4ndiger oder nicht ausreichend durchdrungener Aspekte der DSGVO abmahnen, ber\u00fccksichtigen Sie bitte die Worte der zur Einf\u00fchrung der Verordnung zust\u00e4ndigen EU-Justizkommissarin V\u011bra Jourov\u00e1. Die sagte in einem Interview mit der ZEIT w\u00f6rtlich: \u201eEs geht [bei der DSGVO] um gesunden Menschenverstand und Verh\u00e4ltnism\u00e4\u00dfigkeit. Wenn Ihnen jemand eine E-Mail schreibt und Ihnen zugesteht, dass Sie seine Daten verwenden d\u00fcrfen, dann ist doch klar, dass er Ihnen eine Einwilligung erteilt. Im \u00dcbrigen sanktionieren die Datenschutzbeauftragten nicht nur, sondern beraten auch. Meine Prognose ist, dass sich die Beh\u00f6rden auf die Anbieter konzentrieren, die den gr\u00f6\u00dften Schaden verursachen k\u00f6nnen, die die meisten Daten verarbeiten.\u201c<\/p>\n\n\n\n<p>Dar\u00fcber hinaus verweise ich hier auch gerne auf eine Aussage des deutschen \u201eVaters\u201c der DSGVO, Jan Philipp Albrecht. Er schreibt in seinem Blog w\u00f6rtlich: \u201eWas hingegen nicht eintreten wird, ist dass [\u2026] die Aufsichtsbeh\u00f6rden und irgendwelche Abmahnanw\u00e4lte pl\u00f6tzlich eine ganz andere Gangart gegen\u00fcber all den kleinen Unternehmen, Einzelunternehmern, Vereinen und Bloggern einlegen werden.\u201c&nbsp;<\/p>\n\n\n\n<p>Sie d\u00fcrfen davon ausgehen, dass ich im Falle einer Abmahnung diese beiden Akteure und m\u00f6glicherweise noch andere Stellen unterrichten werde. Was ich hingegen nicht machen werde ist, die Abmahnung zu akzeptieren. Wenn Sie sich also nicht sicher sind, den dann folgenden Rechtsstreit zu gewinnen, lassen Sie es besser bleiben.<\/p>\n","protected":false},"excerpt":{"rendered":"<p>(Inspiriert und teilweise \u00fcbernommen von:&nbsp;https:\/\/ditze.net\/datenschutzerklaerung\/) Jede gute Website braucht eine Datenschutzerkl\u00e4rung? Ok, dann machen Sie sich auf etwas gefasst. Pr\u00e4ambel Artikel 12 der EU-Datenschutzgrundverordnung (kurz: DSGVO) fordert, dass ich Ihnen \u201ein pr\u00e4ziser, transparenter, verst\u00e4ndlicher und leicht zug\u00e4nglicher Form [und] in einer klaren und einfachen Sprache\u201c erkl\u00e4re, was hier auf dieser Webseite geschieht. Da ich dabei [&hellip;]<\/p>\n","protected":false},"author":1,"featured_media":0,"parent":0,"menu_order":0,"comment_status":"closed","ping_status":"closed","template":"","meta":{"footnotes":""},"class_list":["post-174","page","type-page","status-publish","hentry","no-featured-image"],"_links":{"self":[{"href":"https:\/\/www.asam86.de\/wordpress\/index.php\/wp-json\/wp\/v2\/pages\/174","targetHints":{"allow":["GET"]}}],"collection":[{"href":"https:\/\/www.asam86.de\/wordpress\/index.php\/wp-json\/wp\/v2\/pages"}],"about":[{"href":"https:\/\/www.asam86.de\/wordpress\/index.php\/wp-json\/wp\/v2\/types\/page"}],"author":[{"embeddable":true,"href":"https:\/\/www.asam86.de\/wordpress\/index.php\/wp-json\/wp\/v2\/users\/1"}],"replies":[{"embeddable":true,"href":"https:\/\/www.asam86.de\/wordpress\/index.php\/wp-json\/wp\/v2\/comments?post=174"}],"version-history":[{"count":1,"href":"https:\/\/www.asam86.de\/wordpress\/index.php\/wp-json\/wp\/v2\/pages\/174\/revisions"}],"predecessor-version":[{"id":175,"href":"https:\/\/www.asam86.de\/wordpress\/index.php\/wp-json\/wp\/v2\/pages\/174\/revisions\/175"}],"wp:attachment":[{"href":"https:\/\/www.asam86.de\/wordpress\/index.php\/wp-json\/wp\/v2\/media?parent=174"}],"curies":[{"name":"wp","href":"https:\/\/api.w.org\/{rel}","templated":true}]}}